{"id":50,"date":"2023-12-04T02:34:13","date_gmt":"2023-12-04T02:34:13","guid":{"rendered":"https:\/\/laensaimada.net\/?page_id=50"},"modified":"2024-01-11T12:08:25","modified_gmt":"2024-01-11T12:08:25","slug":"contact","status":"publish","type":"page","link":"https:\/\/laensaimada.net\/?page_id=50","title":{"rendered":"Contact Us"},"content":{"rendered":"\t\t<div data-elementor-type=\"wp-page\" data-elementor-id=\"50\" class=\"elementor elementor-50\">\n\t\t\t\t\t\t<header class=\"elementor-section elementor-top-section elementor-element elementor-element-5d1672cd elementor-section-height-min-height elementor-section-content-middle elementor-section-boxed elementor-section-height-default elementor-section-items-middle\" data-id=\"5d1672cd\" data-element_type=\"section\" data-e-type=\"section\" data-settings=\"{&quot;background_background&quot;:&quot;classic&quot;,&quot;shape_divider_bottom&quot;:&quot;wave-brush&quot;}\">\n\t\t\t\t\t\t\t<div class=\"elementor-background-overlay\"><\/div>\n\t\t\t\t\t\t<div class=\"elementor-shape elementor-shape-bottom\" aria-hidden=\"true\" data-negative=\"false\">\n\t\t\t<svg xmlns=\"http:\/\/www.w3.org\/2000\/svg\" viewBox=\"0 0 283.5 27.8\" preserveAspectRatio=\"none\">\n\t<path class=\"elementor-shape-fill\" d=\"M283.5,9.7c0,0-7.3,4.3-14,4.6c-6.8,0.3-12.6,0-20.9-1.5c-11.3-2-33.1-10.1-44.7-5.7\ts-12.1,4.6-18,7.4c-6.6,3.2-20,9.6-36.6,9.3C131.6,23.5,99.5,7.2,86.3,8c-1.4,0.1-6.6,0.8-10.5,2c-3.8,1.2-9.4,3.8-17,4.7\tc-3.2,0.4-8.3,1.1-14.2,0.9c-1.5-0.1-6.3-0.4-12-1.6c-5.7-1.2-11-3.1-15.8-3.7C6.5,9.2,0,10.8,0,10.8V0h283.5V9.7z M260.8,11.3\tc-0.7-1-2-0.4-4.3-0.4c-2.3,0-6.1-1.2-5.8-1.1c0.3,0.1,3.1,1.5,6,1.9C259.7,12.2,261.4,12.3,260.8,11.3z M242.4,8.6\tc0,0-2.4-0.2-5.6-0.9c-3.2-0.8-10.3-2.8-15.1-3.5c-8.2-1.1-15.8,0-15.1,0.1c0.8,0.1,9.6-0.6,17.6,1.1c3.3,0.7,9.3,2.2,12.4,2.7\tC239.9,8.7,242.4,8.6,242.4,8.6z M185.2,8.5c1.7-0.7-13.3,4.7-18.5,6.1c-2.1,0.6-6.2,1.6-10,2c-3.9,0.4-8.9,0.4-8.8,0.5\tc0,0.2,5.8,0.8,11.2,0c5.4-0.8,5.2-1.1,7.6-1.6C170.5,14.7,183.5,9.2,185.2,8.5z M199.1,6.9c0.2,0-0.8-0.4-4.8,1.1\tc-4,1.5-6.7,3.5-6.9,3.7c-0.2,0.1,3.5-1.8,6.6-3C197,7.5,199,6.9,199.1,6.9z M283,6c-0.1,0.1-1.9,1.1-4.8,2.5s-6.9,2.8-6.7,2.7\tc0.2,0,3.5-0.6,7.4-2.5C282.8,6.8,283.1,5.9,283,6z M31.3,11.6c0.1-0.2-1.9-0.2-4.5-1.2s-5.4-1.6-7.8-2C15,7.6,7.3,8.5,7.7,8.6\tC8,8.7,15.9,8.3,20.2,9.3c2.2,0.5,2.4,0.5,5.7,1.6S31.2,11.9,31.3,11.6z M73,9.2c0.4-0.1,3.5-1.6,8.4-2.6c4.9-1.1,8.9-0.5,8.9-0.8\tc0-0.3-1-0.9-6.2-0.3S72.6,9.3,73,9.2z M71.6,6.7C71.8,6.8,75,5.4,77.3,5c2.3-0.3,1.9-0.5,1.9-0.6c0-0.1-1.1-0.2-2.7,0.2\tC74.8,5.1,71.4,6.6,71.6,6.7z M93.6,4.4c0.1,0.2,3.5,0.8,5.6,1.8c2.1,1,1.8,0.6,1.9,0.5c0.1-0.1-0.8-0.8-2.4-1.3\tC97.1,4.8,93.5,4.2,93.6,4.4z M65.4,11.1c-0.1,0.3,0.3,0.5,1.9-0.2s2.6-1.3,2.2-1.2s-0.9,0.4-2.5,0.8C65.3,10.9,65.5,10.8,65.4,11.1\tz M34.5,12.4c-0.2,0,2.1,0.8,3.3,0.9c1.2,0.1,2,0.1,2-0.2c0-0.3-0.1-0.5-1.6-0.4C36.6,12.8,34.7,12.4,34.5,12.4z M152.2,21.1\tc-0.1,0.1-2.4-0.3-7.5-0.3c-5,0-13.6-2.4-17.2-3.5c-3.6-1.1,10,3.9,16.5,4.1C150.5,21.6,152.3,21,152.2,21.1z\"\/>\n\t<path class=\"elementor-shape-fill\" d=\"M269.6,18c-0.1-0.1-4.6,0.3-7.2,0c-7.3-0.7-17-3.2-16.6-2.9c0.4,0.3,13.7,3.1,17,3.3\tC267.7,18.8,269.7,18,269.6,18z\"\/>\n\t<path class=\"elementor-shape-fill\" d=\"M227.4,9.8c-0.2-0.1-4.5-1-9.5-1.2c-5-0.2-12.7,0.6-12.3,0.5c0.3-0.1,5.9-1.8,13.3-1.2\tS227.6,9.9,227.4,9.8z\"\/>\n\t<path class=\"elementor-shape-fill\" d=\"M204.5,13.4c-0.1-0.1,2-1,3.2-1.1c1.2-0.1,2,0,2,0.3c0,0.3-0.1,0.5-1.6,0.4\tC206.4,12.9,204.6,13.5,204.5,13.4z\"\/>\n\t<path class=\"elementor-shape-fill\" d=\"M201,10.6c0-0.1-4.4,1.2-6.3,2.2c-1.9,0.9-6.2,3.1-6.1,3.1c0.1,0.1,4.2-1.6,6.3-2.6\tS201,10.7,201,10.6z\"\/>\n\t<path class=\"elementor-shape-fill\" d=\"M154.5,26.7c-0.1-0.1-4.6,0.3-7.2,0c-7.3-0.7-17-3.2-16.6-2.9c0.4,0.3,13.7,3.1,17,3.3\tC152.6,27.5,154.6,26.8,154.5,26.7z\"\/>\n\t<path class=\"elementor-shape-fill\" d=\"M41.9,19.3c0,0,1.2-0.3,2.9-0.1c1.7,0.2,5.8,0.9,8.2,0.7c4.2-0.4,7.4-2.7,7-2.6\tc-0.4,0-4.3,2.2-8.6,1.9c-1.8-0.1-5.1-0.5-6.7-0.4S41.9,19.3,41.9,19.3z\"\/>\n\t<path class=\"elementor-shape-fill\" d=\"M75.5,12.6c0.2,0.1,2-0.8,4.3-1.1c2.3-0.2,2.1-0.3,2.1-0.5c0-0.1-1.8-0.4-3.4,0\tC76.9,11.5,75.3,12.5,75.5,12.6z\"\/>\n\t<path class=\"elementor-shape-fill\" d=\"M15.6,13.2c0-0.1,4.3,0,6.7,0.5c2.4,0.5,5,1.9,5,2c0,0.1-2.7-0.8-5.1-1.4\tC19.9,13.7,15.7,13.3,15.6,13.2z\"\/>\n<\/svg>\t\t<\/div>\n\t\t\t\t\t<div class=\"elementor-container elementor-column-gap-extended\">\n\t\t\t\t\t<div class=\"elementor-column elementor-col-16 elementor-top-column elementor-element elementor-element-eabf910\" data-id=\"eabf910\" data-element_type=\"column\" data-e-type=\"column\">\n\t\t\t<div class=\"elementor-widget-wrap\">\n\t\t\t\t\t\t\t<\/div>\n\t\t<\/div>\n\t\t\t\t<div class=\"elementor-column elementor-col-66 elementor-top-column elementor-element elementor-element-2eda73e1\" data-id=\"2eda73e1\" data-element_type=\"column\" data-e-type=\"column\">\n\t\t\t<div class=\"elementor-widget-wrap elementor-element-populated\">\n\t\t\t\t\t\t<div class=\"elementor-element elementor-element-1e034d61 elementor-invisible elementor-widget elementor-widget-heading\" data-id=\"1e034d61\" data-element_type=\"widget\" data-e-type=\"widget\" data-settings=\"{&quot;_animation&quot;:&quot;fadeInDown&quot;}\" data-widget_type=\"heading.default\">\n\t\t\t\t<div class=\"elementor-widget-container\">\n\t\t\t\t\t<h2 class=\"elementor-heading-title elementor-size-default\">Descubre el Encanto de la Tradici\u00f3n en Cada Bocado con La Ensaimada, <\/h2>\t\t\t\t<\/div>\n\t\t\t\t<\/div>\n\t\t\t\t<div class=\"elementor-element elementor-element-3fbec967 elementor-invisible elementor-widget elementor-widget-heading\" data-id=\"3fbec967\" data-element_type=\"widget\" data-e-type=\"widget\" data-settings=\"{&quot;_animation&quot;:&quot;fadeInDown&quot;,&quot;_animation_delay&quot;:200}\" data-widget_type=\"heading.default\">\n\t\t\t\t<div class=\"elementor-widget-container\">\n\t\t\t\t\t<h1 class=\"elementor-heading-title elementor-size-default\">Contactanos<\/h1>\t\t\t\t<\/div>\n\t\t\t\t<\/div>\n\t\t\t\t\t<\/div>\n\t\t<\/div>\n\t\t\t\t<div class=\"elementor-column elementor-col-16 elementor-top-column elementor-element elementor-element-233f1063\" data-id=\"233f1063\" data-element_type=\"column\" data-e-type=\"column\">\n\t\t\t<div class=\"elementor-widget-wrap\">\n\t\t\t\t\t\t\t<\/div>\n\t\t<\/div>\n\t\t\t\t\t<\/div>\n\t\t<\/header>\n\t\t\t\t<section class=\"elementor-section elementor-top-section elementor-element elementor-element-7fd41c08 elementor-section-content-middle elementor-reverse-tablet elementor-reverse-mobile elementor-section-boxed elementor-section-height-default elementor-section-height-default\" data-id=\"7fd41c08\" data-element_type=\"section\" data-e-type=\"section\" data-settings=\"{&quot;background_background&quot;:&quot;classic&quot;}\">\n\t\t\t\t\t\t\t<div class=\"elementor-background-overlay\"><\/div>\n\t\t\t\t\t\t\t<div class=\"elementor-container elementor-column-gap-extended\">\n\t\t\t\t\t<div class=\"elementor-column elementor-col-50 elementor-top-column elementor-element elementor-element-4ebd4272\" data-id=\"4ebd4272\" data-element_type=\"column\" data-e-type=\"column\">\n\t\t\t<div class=\"elementor-widget-wrap elementor-element-populated\">\n\t\t\t\t\t\t<div class=\"elementor-element elementor-element-03a50e0 elementor-widget elementor-widget-image\" data-id=\"03a50e0\" data-element_type=\"widget\" data-e-type=\"widget\" data-widget_type=\"image.default\">\n\t\t\t\t<div class=\"elementor-widget-container\">\n\t\t\t\t\t\t\t\t\t\t\t\t\t\t\t<img fetchpriority=\"high\" decoding=\"async\" width=\"682\" height=\"1024\" src=\"https:\/\/laensaimada.net\/wp-content\/uploads\/2023\/12\/breakfast-food-and-drink-on-wooden-table-682x1024.jpg\" class=\"attachment-large size-large wp-image-52\" alt=\"Breakfast food and drink on wooden table\" srcset=\"https:\/\/laensaimada.net\/wp-content\/uploads\/2023\/12\/breakfast-food-and-drink-on-wooden-table-682x1024.jpg 682w, https:\/\/laensaimada.net\/wp-content\/uploads\/2023\/12\/breakfast-food-and-drink-on-wooden-table-200x300.jpg 200w, https:\/\/laensaimada.net\/wp-content\/uploads\/2023\/12\/breakfast-food-and-drink-on-wooden-table-768x1152.jpg 768w, https:\/\/laensaimada.net\/wp-content\/uploads\/2023\/12\/breakfast-food-and-drink-on-wooden-table-1024x1536.jpg 1024w, https:\/\/laensaimada.net\/wp-content\/uploads\/2023\/12\/breakfast-food-and-drink-on-wooden-table.jpg 1333w\" sizes=\"(max-width: 682px) 100vw, 682px\" \/>\t\t\t\t\t\t\t\t\t\t\t\t\t\t\t<\/div>\n\t\t\t\t<\/div>\n\t\t\t\t\t<\/div>\n\t\t<\/div>\n\t\t\t\t<div class=\"elementor-column elementor-col-50 elementor-top-column elementor-element elementor-element-5859b107\" data-id=\"5859b107\" data-element_type=\"column\" data-e-type=\"column\" data-settings=\"{&quot;background_background&quot;:&quot;classic&quot;}\">\n\t\t\t<div class=\"elementor-widget-wrap elementor-element-populated\">\n\t\t\t\t\t\t<div class=\"elementor-element elementor-element-6161b36a elementor-invisible elementor-widget elementor-widget-heading\" data-id=\"6161b36a\" data-element_type=\"widget\" data-e-type=\"widget\" data-settings=\"{&quot;_animation&quot;:&quot;fadeInDown&quot;}\" data-widget_type=\"heading.default\">\n\t\t\t\t<div class=\"elementor-widget-container\">\n\t\t\t\t\t<h2 class=\"elementor-heading-title elementor-size-default\">Informacion de Contacto<\/h2>\t\t\t\t<\/div>\n\t\t\t\t<\/div>\n\t\t\t\t<div class=\"elementor-element elementor-element-998a6b1 elementor-widget elementor-widget-text-editor\" data-id=\"998a6b1\" data-element_type=\"widget\" data-e-type=\"widget\" data-widget_type=\"text-editor.default\">\n\t\t\t\t<div class=\"elementor-widget-container\">\n\t\t\t\t\t\t\t\t\t<p>\u00bfListo para emprender un viaje culinario con La Ensaimada? Ya sea para un evento, planes alimenticios recurrentes o una experiencia personalizada, nuestro equipo est\u00e1 aqu\u00ed para convertir tus sue\u00f1os gastron\u00f3micos en realidad. Cont\u00e1ctanos ahora y deja que los sabores del Mediterr\u00e1neo enriquezcan tus momentos. La delicia para tu paladar te espera<\/p>\t\t\t\t\t\t\t\t<\/div>\n\t\t\t\t<\/div>\n\t\t\t\t<div class=\"elementor-element elementor-element-71cf59a8 elementor-widget elementor-widget-heading\" data-id=\"71cf59a8\" data-element_type=\"widget\" data-e-type=\"widget\" data-widget_type=\"heading.default\">\n\t\t\t\t<div class=\"elementor-widget-container\">\n\t\t\t\t\t<h2 class=\"elementor-heading-title elementor-size-default\">Caracas<\/h2>\t\t\t\t<\/div>\n\t\t\t\t<\/div>\n\t\t\t\t<div class=\"elementor-element elementor-element-38da82c7 elementor-widget elementor-widget-text-editor\" data-id=\"38da82c7\" data-element_type=\"widget\" data-e-type=\"widget\" data-widget_type=\"text-editor.default\">\n\t\t\t\t<div class=\"elementor-widget-container\">\n\t\t\t\t\t\t\t\t\t<ul>\n<li>Telefono:+58 (424) 137 0835<\/li>\n<\/ul>\t\t\t\t\t\t\t\t<\/div>\n\t\t\t\t<\/div>\n\t\t\t\t\t<\/div>\n\t\t<\/div>\n\t\t\t\t\t<\/div>\n\t\t<\/section>\n\t\t\t\t<\/div>\n\t\t","protected":false},"excerpt":{"rendered":"<p>Descubre el Encanto de la Tradici\u00f3n en Cada Bocado con La Ensaimada, Contactanos Informacion de Contacto \u00bfListo para emprender un viaje culinario con La Ensaimada? Ya sea para un evento, planes alimenticios recurrentes o una experiencia personalizada, nuestro equipo est\u00e1 aqu\u00ed para convertir tus sue\u00f1os gastron\u00f3micos en realidad. Cont\u00e1ctanos ahora y deja que los sabores [&hellip;]<\/p>\n","protected":false},"author":2,"featured_media":0,"parent":0,"menu_order":0,"comment_status":"closed","ping_status":"closed","template":"","meta":{"footnotes":""},"class_list":["post-50","page","type-page","status-publish","hentry"],"yoast_head":"<!-- This site is optimized with the Yoast SEO plugin v27.6 - https:\/\/yoast.com\/product\/yoast-seo-wordpress\/ -->\n<title>Contact Us - La Ensaimada<\/title>\n<meta name=\"robots\" content=\"index, follow, max-snippet:-1, max-image-preview:large, max-video-preview:-1\" \/>\n<link rel=\"canonical\" href=\"https:\/\/laensaimada.net\/?page_id=50\" \/>\n<meta property=\"og:locale\" content=\"es_ES\" \/>\n<meta property=\"og:type\" content=\"article\" \/>\n<meta property=\"og:title\" content=\"Contact Us - La Ensaimada\" \/>\n<meta property=\"og:description\" content=\"Descubre el Encanto de la Tradici\u00f3n en Cada Bocado con La Ensaimada, Contactanos Informacion de Contacto \u00bfListo para emprender un viaje culinario con La Ensaimada? Ya sea para un evento, planes alimenticios recurrentes o una experiencia personalizada, nuestro equipo est\u00e1 aqu\u00ed para convertir tus sue\u00f1os gastron\u00f3micos en realidad. Cont\u00e1ctanos ahora y deja que los sabores [&hellip;]\" \/>\n<meta property=\"og:url\" content=\"https:\/\/laensaimada.net\/?page_id=50\" \/>\n<meta property=\"og:site_name\" content=\"La Ensaimada\" \/>\n<meta property=\"article:modified_time\" content=\"2024-01-11T12:08:25+00:00\" \/>\n<meta property=\"og:image\" content=\"https:\/\/laensaimada.net\/wp-content\/uploads\/2023\/12\/breakfast-food-and-drink-on-wooden-table-682x1024.jpg\" \/>\n<meta name=\"twitter:card\" content=\"summary_large_image\" \/>\n<meta name=\"twitter:label1\" content=\"Tiempo de lectura\" \/>\n\t<meta name=\"twitter:data1\" content=\"1 minuto\" \/>\n<script type=\"application\/ld+json\" class=\"yoast-schema-graph\">{\"@context\":\"https:\\\/\\\/schema.org\",\"@graph\":[{\"@type\":\"WebPage\",\"@id\":\"https:\\\/\\\/laensaimada.net\\\/?page_id=50\",\"url\":\"https:\\\/\\\/laensaimada.net\\\/?page_id=50\",\"name\":\"Contact Us - La Ensaimada\",\"isPartOf\":{\"@id\":\"https:\\\/\\\/laensaimada.net\\\/#website\"},\"primaryImageOfPage\":{\"@id\":\"https:\\\/\\\/laensaimada.net\\\/?page_id=50#primaryimage\"},\"image\":{\"@id\":\"https:\\\/\\\/laensaimada.net\\\/?page_id=50#primaryimage\"},\"thumbnailUrl\":\"https:\\\/\\\/laensaimada.net\\\/wp-content\\\/uploads\\\/2023\\\/12\\\/breakfast-food-and-drink-on-wooden-table-682x1024.jpg\",\"datePublished\":\"2023-12-04T02:34:13+00:00\",\"dateModified\":\"2024-01-11T12:08:25+00:00\",\"breadcrumb\":{\"@id\":\"https:\\\/\\\/laensaimada.net\\\/?page_id=50#breadcrumb\"},\"inLanguage\":\"es\",\"potentialAction\":[{\"@type\":\"ReadAction\",\"target\":[\"https:\\\/\\\/laensaimada.net\\\/?page_id=50\"]}]},{\"@type\":\"ImageObject\",\"inLanguage\":\"es\",\"@id\":\"https:\\\/\\\/laensaimada.net\\\/?page_id=50#primaryimage\",\"url\":\"https:\\\/\\\/laensaimada.net\\\/wp-content\\\/uploads\\\/2023\\\/12\\\/breakfast-food-and-drink-on-wooden-table.jpg\",\"contentUrl\":\"https:\\\/\\\/laensaimada.net\\\/wp-content\\\/uploads\\\/2023\\\/12\\\/breakfast-food-and-drink-on-wooden-table.jpg\",\"width\":1333,\"height\":2000,\"caption\":\"Breakfast food and drink on wooden table\"},{\"@type\":\"BreadcrumbList\",\"@id\":\"https:\\\/\\\/laensaimada.net\\\/?page_id=50#breadcrumb\",\"itemListElement\":[{\"@type\":\"ListItem\",\"position\":1,\"name\":\"Home\",\"item\":\"https:\\\/\\\/laensaimada.net\\\/\"},{\"@type\":\"ListItem\",\"position\":2,\"name\":\"Contact Us\"}]},{\"@type\":\"WebSite\",\"@id\":\"https:\\\/\\\/laensaimada.net\\\/#website\",\"url\":\"https:\\\/\\\/laensaimada.net\\\/\",\"name\":\"La Ensaimada\",\"description\":\"Official Site\",\"potentialAction\":[{\"@type\":\"SearchAction\",\"target\":{\"@type\":\"EntryPoint\",\"urlTemplate\":\"https:\\\/\\\/laensaimada.net\\\/?s={search_term_string}\"},\"query-input\":{\"@type\":\"PropertyValueSpecification\",\"valueRequired\":true,\"valueName\":\"search_term_string\"}}],\"inLanguage\":\"es\"}]}<\/script>\n<!-- \/ Yoast SEO plugin. -->","yoast_head_json":{"title":"Contact Us - La Ensaimada","robots":{"index":"index","follow":"follow","max-snippet":"max-snippet:-1","max-image-preview":"max-image-preview:large","max-video-preview":"max-video-preview:-1"},"canonical":"https:\/\/laensaimada.net\/?page_id=50","og_locale":"es_ES","og_type":"article","og_title":"Contact Us - La Ensaimada","og_description":"Descubre el Encanto de la Tradici\u00f3n en Cada Bocado con La Ensaimada, Contactanos Informacion de Contacto \u00bfListo para emprender un viaje culinario con La Ensaimada? Ya sea para un evento, planes alimenticios recurrentes o una experiencia personalizada, nuestro equipo est\u00e1 aqu\u00ed para convertir tus sue\u00f1os gastron\u00f3micos en realidad. Cont\u00e1ctanos ahora y deja que los sabores [&hellip;]","og_url":"https:\/\/laensaimada.net\/?page_id=50","og_site_name":"La Ensaimada","article_modified_time":"2024-01-11T12:08:25+00:00","og_image":[{"url":"https:\/\/laensaimada.net\/wp-content\/uploads\/2023\/12\/breakfast-food-and-drink-on-wooden-table-682x1024.jpg","type":"","width":"","height":""}],"twitter_card":"summary_large_image","twitter_misc":{"Tiempo de lectura":"1 minuto"},"schema":{"@context":"https:\/\/schema.org","@graph":[{"@type":"WebPage","@id":"https:\/\/laensaimada.net\/?page_id=50","url":"https:\/\/laensaimada.net\/?page_id=50","name":"Contact Us - La Ensaimada","isPartOf":{"@id":"https:\/\/laensaimada.net\/#website"},"primaryImageOfPage":{"@id":"https:\/\/laensaimada.net\/?page_id=50#primaryimage"},"image":{"@id":"https:\/\/laensaimada.net\/?page_id=50#primaryimage"},"thumbnailUrl":"https:\/\/laensaimada.net\/wp-content\/uploads\/2023\/12\/breakfast-food-and-drink-on-wooden-table-682x1024.jpg","datePublished":"2023-12-04T02:34:13+00:00","dateModified":"2024-01-11T12:08:25+00:00","breadcrumb":{"@id":"https:\/\/laensaimada.net\/?page_id=50#breadcrumb"},"inLanguage":"es","potentialAction":[{"@type":"ReadAction","target":["https:\/\/laensaimada.net\/?page_id=50"]}]},{"@type":"ImageObject","inLanguage":"es","@id":"https:\/\/laensaimada.net\/?page_id=50#primaryimage","url":"https:\/\/laensaimada.net\/wp-content\/uploads\/2023\/12\/breakfast-food-and-drink-on-wooden-table.jpg","contentUrl":"https:\/\/laensaimada.net\/wp-content\/uploads\/2023\/12\/breakfast-food-and-drink-on-wooden-table.jpg","width":1333,"height":2000,"caption":"Breakfast food and drink on wooden table"},{"@type":"BreadcrumbList","@id":"https:\/\/laensaimada.net\/?page_id=50#breadcrumb","itemListElement":[{"@type":"ListItem","position":1,"name":"Home","item":"https:\/\/laensaimada.net\/"},{"@type":"ListItem","position":2,"name":"Contact Us"}]},{"@type":"WebSite","@id":"https:\/\/laensaimada.net\/#website","url":"https:\/\/laensaimada.net\/","name":"La Ensaimada","description":"Official Site","potentialAction":[{"@type":"SearchAction","target":{"@type":"EntryPoint","urlTemplate":"https:\/\/laensaimada.net\/?s={search_term_string}"},"query-input":{"@type":"PropertyValueSpecification","valueRequired":true,"valueName":"search_term_string"}}],"inLanguage":"es"}]}},"featured_image_src":null,"featured_image_src_square":null,"_links":{"self":[{"href":"https:\/\/laensaimada.net\/index.php?rest_route=\/wp\/v2\/pages\/50","targetHints":{"allow":["GET"]}}],"collection":[{"href":"https:\/\/laensaimada.net\/index.php?rest_route=\/wp\/v2\/pages"}],"about":[{"href":"https:\/\/laensaimada.net\/index.php?rest_route=\/wp\/v2\/types\/page"}],"author":[{"embeddable":true,"href":"https:\/\/laensaimada.net\/index.php?rest_route=\/wp\/v2\/users\/2"}],"replies":[{"embeddable":true,"href":"https:\/\/laensaimada.net\/index.php?rest_route=%2Fwp%2Fv2%2Fcomments&post=50"}],"version-history":[{"count":0,"href":"https:\/\/laensaimada.net\/index.php?rest_route=\/wp\/v2\/pages\/50\/revisions"}],"wp:attachment":[{"href":"https:\/\/laensaimada.net\/index.php?rest_route=%2Fwp%2Fv2%2Fmedia&parent=50"}],"curies":[{"name":"wp","href":"https:\/\/api.w.org\/{rel}","templated":true}]}}